{"id":8887,"date":"2022-09-08T12:38:24","date_gmt":"2022-09-08T09:38:24","guid":{"rendered":"https:\/\/thissioview.gr\/evenements\/"},"modified":"2025-12-03T16:39:49","modified_gmt":"2025-12-03T14:39:49","slug":"evenements","status":"publish","type":"page","link":"https:\/\/thissioview.gr\/fr\/evenements\/","title":{"rendered":"\u00c9V\u00c9NEMENTS"},"content":{"rendered":"<p><div class=\"fusion-fullwidth fullwidth-box fusion-builder-row-1 fusion-flex-container has-pattern-background has-mask-background nonhundred-percent-fullwidth non-hundred-percent-height-scrolling\" style=\"--awb-border-sizes-bottom:0;--awb-border-radius-top-left:0px;--awb-border-radius-top-right:0px;--awb-border-radius-bottom-right:0px;--awb-border-radius-bottom-left:0px;--awb-padding-bottom:0px;--awb-margin-bottom:0px;--awb-flex-wrap:wrap;\" ><div class=\"fusion-builder-row fusion-row fusion-flex-align-items-flex-start fusion-flex-content-wrap\" style=\"max-width:1430px;margin-left: calc(-4% \/ 2 );margin-right: calc(-4% \/ 2 );\"><div class=\"fusion-layout-column fusion_builder_column fusion-builder-column-0 fusion_builder_column_1_1 1_1 fusion-flex-column fusion-no-large-visibility\" style=\"--awb-bg-size:cover;--awb-width-large:100%;--awb-margin-top-large:0px;--awb-spacing-right-large:1.92%;--awb-margin-bottom-large:0px;--awb-spacing-left-large:1.92%;--awb-width-medium:100%;--awb-spacing-right-medium:1.92%;--awb-spacing-left-medium:1.92%;--awb-width-small:100%;--awb-spacing-right-small:1.92%;--awb-spacing-left-small:1.92%;\"><div class=\"fusion-column-wrapper fusion-column-has-shadow fusion-flex-justify-content-flex-start fusion-content-layout-column\"><div class=\"fusion-separator fusion-full-width-sep\" style=\"align-self: center;margin-left: auto;margin-right: auto;margin-bottom:3%;width:100%;\"><\/div><\/div><\/div><div class=\"fusion-layout-column fusion_builder_column fusion-builder-column-1 fusion_builder_column_1_2 1_2 fusion-flex-column fusion-animated\" style=\"--awb-padding-bottom:0px;--awb-bg-color:#ffffff;--awb-bg-color-hover:#ffffff;--awb-bg-image:linear-gradient(0deg, rgba(0,0,0,0) 0%,hsla(var(--awb-custom10-h),var(--awb-custom10-s),calc(var(--awb-custom10-l) + 1%),calc(var(--awb-custom10-a) - 21%)) 0%);--awb-bg-size:cover;--awb-width-large:50%;--awb-margin-top-large:0px;--awb-spacing-right-large:7.68%;--awb-margin-bottom-large:0px;--awb-spacing-left-large:3.84%;--awb-width-medium:100%;--awb-order-medium:0;--awb-spacing-right-medium:1.92%;--awb-spacing-left-medium:1.92%;--awb-width-small:100%;--awb-order-small:0;--awb-spacing-right-small:1.92%;--awb-spacing-left-small:1.92%;\" data-animationType=\"fadeInUp\" data-animationDuration=\"0.6\" data-animationOffset=\"top-into-view\"><div class=\"fusion-column-wrapper fusion-column-has-shadow fusion-flex-justify-content-flex-start fusion-content-layout-column\"><div class=\"fusion-image-element \" style=\"text-align:center;--awb-margin-top:0px;--awb-margin-bottom:50px;--awb-caption-title-font-family:var(--h2_typography-font-family);--awb-caption-title-font-weight:var(--h2_typography-font-weight);--awb-caption-title-font-style:var(--h2_typography-font-style);--awb-caption-title-size:var(--h2_typography-font-size);--awb-caption-title-transform:var(--h2_typography-text-transform);--awb-caption-title-line-height:var(--h2_typography-line-height);--awb-caption-title-letter-spacing:var(--h2_typography-letter-spacing);\"><span class=\" fusion-imageframe imageframe-none imageframe-1 hover-type-none\"><img decoding=\"async\" width=\"300\" height=\"194\" title=\"events\" src=\"https:\/\/thissioview.gr\/wp-content\/uploads\/2025\/07\/events.jpg\" data-orig-src=\"https:\/\/thissioview.gr\/wp-content\/uploads\/2025\/07\/events-300x194.jpg\" alt class=\"lazyload img-responsive wp-image-8508\" srcset=\"data:image\/svg+xml,%3Csvg%20xmlns%3D%27http%3A%2F%2Fwww.w3.org%2F2000%2Fsvg%27%20width%3D%27850%27%20height%3D%27550%27%20viewBox%3D%270%200%20850%20550%27%3E%3Crect%20width%3D%27850%27%20height%3D%27550%27%20fill-opacity%3D%220%22%2F%3E%3C%2Fsvg%3E\" data-srcset=\"https:\/\/thissioview.gr\/wp-content\/uploads\/2025\/07\/events-200x129.jpg 200w, https:\/\/thissioview.gr\/wp-content\/uploads\/2025\/07\/events-400x259.jpg 400w, https:\/\/thissioview.gr\/wp-content\/uploads\/2025\/07\/events-600x388.jpg 600w, https:\/\/thissioview.gr\/wp-content\/uploads\/2025\/07\/events-800x518.jpg 800w, https:\/\/thissioview.gr\/wp-content\/uploads\/2025\/07\/events.jpg 850w\" data-sizes=\"auto\" data-orig-sizes=\"(max-width: 1024px) 100vw, (max-width: 640px) 100vw, 800px\" \/><\/span><\/div><div class=\"fusion-separator fusion-full-width-sep\" style=\"align-self: center;margin-left: auto;margin-right: auto;margin-bottom:3%;width:100%;\"><\/div><\/div><\/div><div class=\"fusion-layout-column fusion_builder_column fusion-builder-column-2 fusion_builder_column_1_2 1_2 fusion-flex-column fusion-animated\" style=\"--awb-padding-top:4%;--awb-padding-right:4%;--awb-padding-bottom:4%;--awb-bg-size:cover;--awb-width-large:50%;--awb-margin-top-large:0px;--awb-spacing-right-large:3.84%;--awb-margin-bottom-large:0px;--awb-spacing-left-large:7.68%;--awb-width-medium:100%;--awb-order-medium:0;--awb-spacing-right-medium:1.92%;--awb-spacing-left-medium:1.92%;--awb-width-small:100%;--awb-order-small:0;--awb-spacing-right-small:1.92%;--awb-spacing-left-small:1.92%;\" data-animationType=\"fadeInUp\" data-animationDuration=\"1.0\" data-animationOffset=\"top-into-view\"><div class=\"fusion-column-wrapper fusion-column-has-shadow fusion-flex-justify-content-flex-start fusion-content-layout-column\"><div class=\"fusion-separator fusion-no-large-visibility fusion-full-width-sep\" style=\"align-self: center;margin-left: auto;margin-right: auto;margin-bottom:4%;width:100%;\"><\/div><div class=\"fusion-text fusion-text-1\"><p><span>Un lieu, des possibilit\u00e9s infinies.<\/span><\/p>\n<p>THISSIO VIEW est le choix id\u00e9al <span>pour tout type d\u2019\u00e9v\u00e9nement<\/span>, <span>offrant une vue unique sur l\u2019Acropole et une vari\u00e9t\u00e9 <\/span><span>d\u2019espaces int\u00e9rieurs et ext\u00e9rieurs <\/span><span>adapt\u00e9s \u00e0 vos besoins.<\/span><\/p>\n<p><span>\ud83d\udd39 Groupes touristiques &amp; sorties scolaires<\/span><\/p>\n<p>\ud83d\udd39 <span>\u00c9v\u00e9nements d\u2019entreprise et professionnels :<\/span> <span>d\u00e9jeuners d\u2019affaires, \u00e9v\u00e9nements d\u2019entreprise,<\/span> <span>pr\u00e9sentations, s\u00e9minaires, conf\u00e9rences<\/span>,<span> cocktails afterwork<\/span><\/p>\n<p>\ud83d\udd39 <span>\u00c9v\u00e9nements sociaux : <\/span><span>mariages, bapt\u00eames, anniversaires, f\u00eates priv\u00e9es, <\/span><span>r\u00e9unions de famille<\/span><\/p>\n<\/div><div class=\"fusion-separator fusion-full-width-sep\" style=\"align-self: center;margin-left: auto;margin-right: auto;margin-bottom:3%;width:100%;\"><\/div><\/div><\/div><div class=\"fusion-layout-column fusion_builder_column fusion-builder-column-3 fusion_builder_column_1_1 1_1 fusion-flex-column\" style=\"--awb-bg-size:cover;--awb-width-large:100%;--awb-order-large:0;--awb-margin-top-large:0px;--awb-spacing-right-large:1.92%;--awb-margin-bottom-large:8%;--awb-spacing-left-large:1.92%;--awb-width-medium:100%;--awb-order-medium:0;--awb-spacing-right-medium:1.92%;--awb-spacing-left-medium:1.92%;--awb-width-small:100%;--awb-order-small:0;--awb-spacing-right-small:1.92%;--awb-spacing-left-small:1.92%;\"><div class=\"fusion-column-wrapper fusion-column-has-shadow fusion-flex-justify-content-flex-start fusion-content-layout-column\"><div class=\"fusion-text fusion-text-2\"><p>Tous les espaces \u2014 le Roof Garden et la cour <span>devant le site arch\u00e9ologique \u2014 sont <\/span><span>disponibles tout au long de la journ\u00e9e pour <\/span><span>des \u00e9v\u00e9nements priv\u00e9s ou professionnels <\/span><span>au c\u0153ur d\u2019Ath\u00e8nes<\/span>. <span>Avec un accueil professionnel, des menus personnalis\u00e9s<\/span> <span>et une atmosph\u00e8re captivante,<\/span> T<span>hissio View offre le cadre id\u00e9al pour<\/span> <span>des moments inoubliables.<\/span><\/p>\n<\/div><\/div><\/div><\/div><\/div><div class=\"fusion-fullwidth fullwidth-box fusion-builder-row-2 fusion-flex-container nonhundred-percent-fullwidth non-hundred-percent-height-scrolling\" style=\"--awb-border-radius-top-left:0px;--awb-border-radius-top-right:0px;--awb-border-radius-bottom-right:0px;--awb-border-radius-bottom-left:0px;--awb-padding-top:0%;--awb-flex-wrap:wrap;\" ><div class=\"fusion-builder-row fusion-row fusion-flex-align-items-stretch fusion-flex-content-wrap\" style=\"max-width:calc( 1375px + 0px );margin-left: calc(-0px \/ 2 );margin-right: calc(-0px \/ 2 );\"><div class=\"fusion-layout-column fusion_builder_column fusion-builder-column-4 fusion_builder_column_1_2 1_2 fusion-flex-column fusion-column-inner-bg-wrapper fusion-animated\" style=\"--awb-padding-top-medium:20vh;--awb-padding-bottom-medium:20vh;--awb-inner-bg-position:center center;--awb-inner-bg-size:cover;--awb-width-large:50%;--awb-margin-top-large:0px;--awb-spacing-right-large:0px;--awb-margin-bottom-large:0px;--awb-spacing-left-large:0px;--awb-width-medium:100%;--awb-order-medium:0;--awb-spacing-right-medium:0px;--awb-spacing-left-medium:0px;--awb-width-small:100%;--awb-order-small:0;--awb-spacing-right-small:0px;--awb-spacing-left-small:0px;\" data-animationType=\"fadeIn\" data-animationDuration=\"1.0\" data-animationOffset=\"top-into-view\"><span class=\"fusion-column-inner-bg hover-type-none\"><a class=\"fusion-column-anchor\" href=\"https:\/\/thissioview.gr\/fr\/reservez-maintenant\/\"><span class=\"fusion-column-inner-bg-image lazyload\" data-bg=\"https:\/\/thissioview.gr\/wp-content\/uploads\/2022\/09\/thi_v_858.jpg\"><\/span><\/a><\/span><div class=\"fusion-column-wrapper fusion-column-has-shadow fusion-flex-justify-content-flex-start fusion-content-layout-column fusion-empty-column-bg-image fusion-column-has-bg-image\" data-bg-url=\"https:\/\/thissioview.gr\/wp-content\/uploads\/2022\/09\/thi_v_858.jpg\"><img decoding=\"async\" class=\"fusion-empty-dims-img-placeholder fusion-no-large-visibility\" aria-label=\"Thissio View\" src=\"data:image\/svg+xml,%3Csvg%20xmlns%3D%27http%3A%2F%2Fwww.w3.org%2F2000%2Fsvg%27%20width%3D%27850%27%20height%3D%27550%27%20viewBox%3D%270%200%20850%20550%27%3E%3Crect%20width%3D%27850%27%20height%3D%27550%27%20fill-opacity%3D%220%22%2F%3E%3C%2Fsvg%3E\"><\/div><\/div><div class=\"fusion-layout-column fusion_builder_column fusion-builder-column-5 fusion_builder_column_1_2 1_2 fusion-flex-column fusion-column-inner-bg-wrapper fusion-column-hover-type-liftup fusion-column-liftup-border fusion-animated\" style=\"--awb-padding-top:15%;--awb-padding-right:15%;--awb-padding-bottom:14%;--awb-padding-left:15%;--awb-inner-bg-color:var(--awb-color8);--awb-inner-bg-color-hover:var(--awb-color8);--awb-inner-bg-position:center top;--awb-inner-bg-size:cover;--awb-width-large:50%;--awb-margin-top-large:0px;--awb-spacing-right-large:0px;--awb-margin-bottom-large:0px;--awb-spacing-left-large:0px;--awb-width-medium:100%;--awb-order-medium:0;--awb-spacing-right-medium:0px;--awb-spacing-left-medium:0px;--awb-width-small:100%;--awb-order-small:0;--awb-spacing-right-small:0px;--awb-spacing-left-small:0px;\" data-animationType=\"fadeIn\" data-animationDuration=\"0.6\" data-animationOffset=\"top-into-view\"><span class=\"fusion-column-inner-bg hover-type-liftup\"><a class=\"fusion-column-anchor\" href=\"https:\/\/thissioview.gr\/fr\/reservez-maintenant\/\"><span class=\"fusion-column-inner-bg-image\"><\/span><\/a><\/span><div class=\"fusion-column-wrapper fusion-flex-justify-content-flex-start fusion-content-layout-column\"><div class=\"fusion-title title fusion-title-1 fusion-sep-none fusion-title-text fusion-title-size-six\" style=\"--awb-text-color:var(--awb-color2);--awb-margin-bottom:4%;--awb-margin-top-small:0px;--awb-margin-right-small:0px;--awb-margin-bottom-small:20px;--awb-margin-left-small:0px;\"><h6 class=\"fusion-title-heading title-heading-left fusion-responsive-typography-calculated\" style=\"margin:0;--fontSize:15;--minFontSize:15;line-height:var(--awb-typography2-line-height);\">Restaurant<\/h6><\/div><div class=\"fusion-title title fusion-title-2 fusion-sep-none fusion-title-text fusion-title-size-three\" style=\"--awb-text-color:var(--awb-color1);--awb-margin-bottom:1%;--awb-margin-top-small:0px;--awb-margin-right-small:0px;--awb-margin-bottom-small:20px;--awb-margin-left-small:0px;--awb-font-size:50px;\"><h3 class=\"fusion-title-heading title-heading-left fusion-responsive-typography-calculated\" style=\"margin:0;font-size:1em;--fontSize:50;line-height:var(--awb-typography1-line-height);\">R\u00c9SERVEZ MAINTENANT<\/h3><\/div><div class=\"fusion-text fusion-text-3\"><p style=\"color: var(--awb-color1);text-align: left\">Des soir\u00e9es incroyables sur la plus belle terrasse d\u2019Ath\u00e8nes avec une vue \u00e0 couper le souffle.<\/p>\n<\/div><div class=\"fusion-separator\" style=\"align-self: center;margin-left: auto;margin-right: auto;margin-bottom:6%;width:100%;max-width:70px;\"><\/div><div style=\"text-align:left;\"><a class=\"fusion-button button-flat fusion-button-default-size button-custom fusion-button-default button-1 fusion-button-default-span fusion-button-default-type\" style=\"--button_accent_color:var(--awb-color1);--button_border_color:var(--awb-color1);--button_accent_hover_color:var(--awb-color8);--button_border_hover_color:var(--awb-color8);--button_gradient_top_color:hsla(var(--awb-color1-h),var(--awb-color1-s),var(--awb-color1-l),calc(var(--awb-color1-a) - 100%));--button_gradient_bottom_color:hsla(var(--awb-color1-h),var(--awb-color1-s),var(--awb-color1-l),calc(var(--awb-color1-a) - 100%));--button_gradient_top_color_hover:var(--awb-color1);--button_gradient_bottom_color_hover:var(--awb-color1);\" target=\"_self\" href=\"https:\/\/thissioview.gr\/fr\/contact\/\"><span class=\"fusion-button-text awb-button__text awb-button__text--default\">R\u00c9SERVATION IMM\u00c9DIATE<\/span><\/a><\/div><\/div><\/div><\/div><\/div><\/p>\n","protected":false},"excerpt":{"rendered":"","protected":false},"author":1,"featured_media":4633,"parent":0,"menu_order":0,"comment_status":"closed","ping_status":"closed","template":"100-width.php","meta":{"footnotes":""},"class_list":["post-8887","page","type-page","status-publish","has-post-thumbnail","hentry"],"yoast_head":"<!-- This site is optimized with the Yoast SEO plugin v27.1.1 - https:\/\/yoast.com\/product\/yoast-seo-wordpress\/ -->\n<title>Thissio View | \u00c9v\u00e9nements | Lieu d\u2019\u00e9v\u00e9nements \u00e0 Ath\u00e8nes<\/title>\n<meta name=\"description\" content=\"Thissio View \u2013 Un espace \u00e9v\u00e9nementiel impressionnant \u00e0 Ath\u00e8nes avec vue sur l\u2019Acropole. Id\u00e9al pour les mariages, les r\u00e9unions d\u2019entreprise et bien plus encore.\" \/>\n<meta name=\"robots\" content=\"index, follow, max-snippet:-1, max-image-preview:large, max-video-preview:-1\" \/>\n<link rel=\"canonical\" href=\"https:\/\/thissioview.gr\/fr\/evenements\/\" \/>\n<meta property=\"og:locale\" content=\"fr_FR\" \/>\n<meta property=\"og:type\" content=\"article\" \/>\n<meta property=\"og:title\" content=\"Thissio View | \u00c9v\u00e9nements | Lieu d\u2019\u00e9v\u00e9nements \u00e0 Ath\u00e8nes\" \/>\n<meta property=\"og:description\" content=\"Thissio View \u2013 Un espace \u00e9v\u00e9nementiel impressionnant \u00e0 Ath\u00e8nes avec vue sur l\u2019Acropole. Id\u00e9al pour les mariages, les r\u00e9unions d\u2019entreprise et bien plus encore.\" \/>\n<meta property=\"og:url\" content=\"https:\/\/thissioview.gr\/fr\/evenements\/\" \/>\n<meta property=\"og:site_name\" content=\"Thissio View\" \/>\n<meta property=\"article:modified_time\" content=\"2025-12-03T14:39:49+00:00\" \/>\n<meta property=\"og:image\" content=\"https:\/\/thissioview.gr\/wp-content\/uploads\/2022\/09\/0178.jpg\" \/>\n\t<meta property=\"og:image:width\" content=\"2560\" \/>\n\t<meta property=\"og:image:height\" content=\"2362\" \/>\n\t<meta property=\"og:image:type\" content=\"image\/jpeg\" \/>\n<meta name=\"twitter:card\" content=\"summary_large_image\" \/>\n<meta name=\"twitter:label1\" content=\"Dur\u00e9e de lecture estim\u00e9e\" \/>\n\t<meta name=\"twitter:data1\" content=\"12 minutes\" \/>\n<script type=\"application\/ld+json\" class=\"yoast-schema-graph\">{\"@context\":\"https:\/\/schema.org\",\"@graph\":[{\"@type\":\"WebPage\",\"@id\":\"https:\/\/thissioview.gr\/fr\/evenements\/\",\"url\":\"https:\/\/thissioview.gr\/fr\/evenements\/\",\"name\":\"Thissio View | \u00c9v\u00e9nements | Lieu d\u2019\u00e9v\u00e9nements \u00e0 Ath\u00e8nes\",\"isPartOf\":{\"@id\":\"https:\/\/thissioview.gr\/fr\/#website\"},\"primaryImageOfPage\":{\"@id\":\"https:\/\/thissioview.gr\/fr\/evenements\/#primaryimage\"},\"image\":{\"@id\":\"https:\/\/thissioview.gr\/fr\/evenements\/#primaryimage\"},\"thumbnailUrl\":\"https:\/\/thissioview.gr\/wp-content\/uploads\/2022\/09\/0178.jpg\",\"datePublished\":\"2022-09-08T09:38:24+00:00\",\"dateModified\":\"2025-12-03T14:39:49+00:00\",\"description\":\"Thissio View \u2013 Un espace \u00e9v\u00e9nementiel impressionnant \u00e0 Ath\u00e8nes avec vue sur l\u2019Acropole. Id\u00e9al pour les mariages, les r\u00e9unions d\u2019entreprise et bien plus encore.\",\"breadcrumb\":{\"@id\":\"https:\/\/thissioview.gr\/fr\/evenements\/#breadcrumb\"},\"inLanguage\":\"fr-FR\",\"potentialAction\":[{\"@type\":\"ReadAction\",\"target\":[\"https:\/\/thissioview.gr\/fr\/evenements\/\"]}]},{\"@type\":\"ImageObject\",\"inLanguage\":\"fr-FR\",\"@id\":\"https:\/\/thissioview.gr\/fr\/evenements\/#primaryimage\",\"url\":\"https:\/\/thissioview.gr\/wp-content\/uploads\/2022\/09\/0178.jpg\",\"contentUrl\":\"https:\/\/thissioview.gr\/wp-content\/uploads\/2022\/09\/0178.jpg\",\"width\":2560,\"height\":2362},{\"@type\":\"BreadcrumbList\",\"@id\":\"https:\/\/thissioview.gr\/fr\/evenements\/#breadcrumb\",\"itemListElement\":[{\"@type\":\"ListItem\",\"position\":1,\"name\":\"\u0391\u03c1\u03c7\u03b9\u03ba\u03ae\",\"item\":\"https:\/\/thissioview.gr\/fr\/accueil\/\"},{\"@type\":\"ListItem\",\"position\":2,\"name\":\"\u00c9V\u00c9NEMENTS\"}]},{\"@type\":\"WebSite\",\"@id\":\"https:\/\/thissioview.gr\/fr\/#website\",\"url\":\"https:\/\/thissioview.gr\/fr\/\",\"name\":\"Thissio View\",\"description\":\"Thissio View \u2014  Rooftop Restaurant &amp; Bar with best Acropolis View\",\"publisher\":{\"@id\":\"https:\/\/thissioview.gr\/fr\/#organization\"},\"potentialAction\":[{\"@type\":\"SearchAction\",\"target\":{\"@type\":\"EntryPoint\",\"urlTemplate\":\"https:\/\/thissioview.gr\/fr\/?s={search_term_string}\"},\"query-input\":{\"@type\":\"PropertyValueSpecification\",\"valueRequired\":true,\"valueName\":\"search_term_string\"}}],\"inLanguage\":\"fr-FR\"},{\"@type\":\"Organization\",\"@id\":\"https:\/\/thissioview.gr\/fr\/#organization\",\"name\":\"Thissio View\",\"url\":\"https:\/\/thissioview.gr\/fr\/\",\"logo\":{\"@type\":\"ImageObject\",\"inLanguage\":\"fr-FR\",\"@id\":\"https:\/\/thissioview.gr\/fr\/#\/schema\/logo\/image\/\",\"url\":\"https:\/\/thissioview.gr\/wp-content\/uploads\/2022\/09\/thissioview-logo-400.png\",\"contentUrl\":\"https:\/\/thissioview.gr\/wp-content\/uploads\/2022\/09\/thissioview-logo-400.png\",\"width\":400,\"height\":86,\"caption\":\"Thissio View\"},\"image\":{\"@id\":\"https:\/\/thissioview.gr\/fr\/#\/schema\/logo\/image\/\"}}]}<\/script>\n<!-- \/ Yoast SEO plugin. -->","yoast_head_json":{"title":"Thissio View | \u00c9v\u00e9nements | Lieu d\u2019\u00e9v\u00e9nements \u00e0 Ath\u00e8nes","description":"Thissio View \u2013 Un espace \u00e9v\u00e9nementiel impressionnant \u00e0 Ath\u00e8nes avec vue sur l\u2019Acropole. Id\u00e9al pour les mariages, les r\u00e9unions d\u2019entreprise et bien plus encore.","robots":{"index":"index","follow":"follow","max-snippet":"max-snippet:-1","max-image-preview":"max-image-preview:large","max-video-preview":"max-video-preview:-1"},"canonical":"https:\/\/thissioview.gr\/fr\/evenements\/","og_locale":"fr_FR","og_type":"article","og_title":"Thissio View | \u00c9v\u00e9nements | Lieu d\u2019\u00e9v\u00e9nements \u00e0 Ath\u00e8nes","og_description":"Thissio View \u2013 Un espace \u00e9v\u00e9nementiel impressionnant \u00e0 Ath\u00e8nes avec vue sur l\u2019Acropole. Id\u00e9al pour les mariages, les r\u00e9unions d\u2019entreprise et bien plus encore.","og_url":"https:\/\/thissioview.gr\/fr\/evenements\/","og_site_name":"Thissio View","article_modified_time":"2025-12-03T14:39:49+00:00","og_image":[{"width":2560,"height":2362,"url":"https:\/\/thissioview.gr\/wp-content\/uploads\/2022\/09\/0178.jpg","type":"image\/jpeg"}],"twitter_card":"summary_large_image","twitter_misc":{"Dur\u00e9e de lecture estim\u00e9e":"12 minutes"},"schema":{"@context":"https:\/\/schema.org","@graph":[{"@type":"WebPage","@id":"https:\/\/thissioview.gr\/fr\/evenements\/","url":"https:\/\/thissioview.gr\/fr\/evenements\/","name":"Thissio View | \u00c9v\u00e9nements | Lieu d\u2019\u00e9v\u00e9nements \u00e0 Ath\u00e8nes","isPartOf":{"@id":"https:\/\/thissioview.gr\/fr\/#website"},"primaryImageOfPage":{"@id":"https:\/\/thissioview.gr\/fr\/evenements\/#primaryimage"},"image":{"@id":"https:\/\/thissioview.gr\/fr\/evenements\/#primaryimage"},"thumbnailUrl":"https:\/\/thissioview.gr\/wp-content\/uploads\/2022\/09\/0178.jpg","datePublished":"2022-09-08T09:38:24+00:00","dateModified":"2025-12-03T14:39:49+00:00","description":"Thissio View \u2013 Un espace \u00e9v\u00e9nementiel impressionnant \u00e0 Ath\u00e8nes avec vue sur l\u2019Acropole. Id\u00e9al pour les mariages, les r\u00e9unions d\u2019entreprise et bien plus encore.","breadcrumb":{"@id":"https:\/\/thissioview.gr\/fr\/evenements\/#breadcrumb"},"inLanguage":"fr-FR","potentialAction":[{"@type":"ReadAction","target":["https:\/\/thissioview.gr\/fr\/evenements\/"]}]},{"@type":"ImageObject","inLanguage":"fr-FR","@id":"https:\/\/thissioview.gr\/fr\/evenements\/#primaryimage","url":"https:\/\/thissioview.gr\/wp-content\/uploads\/2022\/09\/0178.jpg","contentUrl":"https:\/\/thissioview.gr\/wp-content\/uploads\/2022\/09\/0178.jpg","width":2560,"height":2362},{"@type":"BreadcrumbList","@id":"https:\/\/thissioview.gr\/fr\/evenements\/#breadcrumb","itemListElement":[{"@type":"ListItem","position":1,"name":"\u0391\u03c1\u03c7\u03b9\u03ba\u03ae","item":"https:\/\/thissioview.gr\/fr\/accueil\/"},{"@type":"ListItem","position":2,"name":"\u00c9V\u00c9NEMENTS"}]},{"@type":"WebSite","@id":"https:\/\/thissioview.gr\/fr\/#website","url":"https:\/\/thissioview.gr\/fr\/","name":"Thissio View","description":"Thissio View \u2014  Rooftop Restaurant &amp; Bar with best Acropolis View","publisher":{"@id":"https:\/\/thissioview.gr\/fr\/#organization"},"potentialAction":[{"@type":"SearchAction","target":{"@type":"EntryPoint","urlTemplate":"https:\/\/thissioview.gr\/fr\/?s={search_term_string}"},"query-input":{"@type":"PropertyValueSpecification","valueRequired":true,"valueName":"search_term_string"}}],"inLanguage":"fr-FR"},{"@type":"Organization","@id":"https:\/\/thissioview.gr\/fr\/#organization","name":"Thissio View","url":"https:\/\/thissioview.gr\/fr\/","logo":{"@type":"ImageObject","inLanguage":"fr-FR","@id":"https:\/\/thissioview.gr\/fr\/#\/schema\/logo\/image\/","url":"https:\/\/thissioview.gr\/wp-content\/uploads\/2022\/09\/thissioview-logo-400.png","contentUrl":"https:\/\/thissioview.gr\/wp-content\/uploads\/2022\/09\/thissioview-logo-400.png","width":400,"height":86,"caption":"Thissio View"},"image":{"@id":"https:\/\/thissioview.gr\/fr\/#\/schema\/logo\/image\/"}}]}},"jetpack_sharing_enabled":true,"_links":{"self":[{"href":"https:\/\/thissioview.gr\/fr\/wp-json\/wp\/v2\/pages\/8887","targetHints":{"allow":["GET"]}}],"collection":[{"href":"https:\/\/thissioview.gr\/fr\/wp-json\/wp\/v2\/pages"}],"about":[{"href":"https:\/\/thissioview.gr\/fr\/wp-json\/wp\/v2\/types\/page"}],"author":[{"embeddable":true,"href":"https:\/\/thissioview.gr\/fr\/wp-json\/wp\/v2\/users\/1"}],"replies":[{"embeddable":true,"href":"https:\/\/thissioview.gr\/fr\/wp-json\/wp\/v2\/comments?post=8887"}],"version-history":[{"count":9,"href":"https:\/\/thissioview.gr\/fr\/wp-json\/wp\/v2\/pages\/8887\/revisions"}],"predecessor-version":[{"id":10264,"href":"https:\/\/thissioview.gr\/fr\/wp-json\/wp\/v2\/pages\/8887\/revisions\/10264"}],"wp:featuredmedia":[{"embeddable":true,"href":"https:\/\/thissioview.gr\/fr\/wp-json\/wp\/v2\/media\/4633"}],"wp:attachment":[{"href":"https:\/\/thissioview.gr\/fr\/wp-json\/wp\/v2\/media?parent=8887"}],"curies":[{"name":"wp","href":"https:\/\/api.w.org\/{rel}","templated":true}]}}