{"id":9184,"date":"2025-08-10T18:30:34","date_gmt":"2025-08-10T15:30:34","guid":{"rendered":"https:\/\/thissioview.gr\/?page_id=9184"},"modified":"2025-12-18T05:55:16","modified_gmt":"2025-12-18T03:55:16","slug":"jetzt-online-reservieren","status":"publish","type":"page","link":"https:\/\/thissioview.gr\/de\/jetzt-online-reservieren\/","title":{"rendered":"JETZT RESERVIEREN"},"content":{"rendered":"<p><div class=\"fusion-fullwidth fullwidth-box fusion-builder-row-1 fusion-flex-container has-pattern-background has-mask-background nonhundred-percent-fullwidth non-hundred-percent-height-scrolling\" style=\"--awb-border-radius-top-left:0px;--awb-border-radius-top-right:0px;--awb-border-radius-bottom-right:0px;--awb-border-radius-bottom-left:0px;--awb-margin-top:-50px;--awb-margin-top-medium:20px;--awb-margin-top-small:20px;--awb-background-color:#000000;--awb-flex-wrap:wrap;\" ><div class=\"fusion-builder-row fusion-row fusion-flex-align-items-flex-start fusion-flex-content-wrap\" style=\"max-width:1430px;margin-left: calc(-4% \/ 2 );margin-right: calc(-4% \/ 2 );\"><div class=\"fusion-layout-column fusion_builder_column fusion-builder-column-0 fusion_builder_column_1_4 1_4 fusion-flex-column\" style=\"--awb-bg-size:cover;--awb-width-large:25%;--awb-margin-top-large:0px;--awb-spacing-right-large:7.68%;--awb-margin-bottom-large:8%;--awb-spacing-left-large:7.68%;--awb-width-medium:100%;--awb-order-medium:0;--awb-spacing-right-medium:1.92%;--awb-spacing-left-medium:1.92%;--awb-width-small:100%;--awb-order-small:0;--awb-spacing-right-small:1.92%;--awb-spacing-left-small:1.92%;\"><div class=\"fusion-column-wrapper fusion-column-has-shadow fusion-flex-justify-content-flex-start fusion-content-layout-column\"><\/div><\/div><div class=\"fusion-layout-column fusion_builder_column fusion-builder-column-1 fusion_builder_column_1_2 1_2 fusion-flex-column\" style=\"--awb-bg-size:cover;--awb-width-large:50%;--awb-margin-top-large:0px;--awb-spacing-right-large:3.84%;--awb-margin-bottom-large:8%;--awb-spacing-left-large:3.84%;--awb-width-medium:100%;--awb-order-medium:0;--awb-spacing-right-medium:1.92%;--awb-spacing-left-medium:1.92%;--awb-width-small:100%;--awb-order-small:1;--awb-spacing-right-small:1.92%;--awb-spacing-left-small:1.92%;\"><div class=\"fusion-column-wrapper fusion-column-has-shadow fusion-flex-justify-content-flex-start fusion-content-layout-column\"><div class=\"fusion-alert alert custom alert-custom fusion-alert-center awb-alert-native-link-color\" style=\"--awb-background-color:#000000;--awb-accent-color:#ffffff;--awb-border-size:1px;--awb-border-top-left-radius:0px;--awb-border-top-right-radius:0px;--awb-border-bottom-left-radius:0px;--awb-border-bottom-right-radius:0px;\" role=\"alert\"><div class=\"fusion-alert-content-wrapper\"><span class=\"alert-icon\"><i class=\"fa-info fas\" aria-hidden=\"true\"><\/i><\/span><span class=\"fusion-alert-content\"><b><br \/>\nReservierungen sind ausschlie\u00dflich f\u00fcr das Abendessen m\u00f6glich und erfolgen je nach Verf\u00fcgbarkeit in den Bereichen Acropolis Garden (Platz) und Rooftop (Dachterrasse).<\/b><br \/>\nWenn Ihre gew\u00fcnschte Uhrzeit online nicht verf\u00fcgbar ist, rufen Sie uns bitte an oder senden Sie uns eine E-Mail.<\/span><\/div><\/div><div class=\"booked-calendar-shortcode-wrap\"><div class=\"booked-calendar-wrap large\"><div class=\"booked-calendar\" data-calendar-id=\"23\" data-calendar-date=\"2026-04-01\">\n\t\t<div class=\"bc-head\">\n\n\t\t\t\n\t\t\t<div class=\"bc-row top\">\n\t\t\t\t<div class=\"bc-col\">\n\t\t\t\t\t\t\t\t\t\t<span class=\"calendarSavingState\">\n\t\t\t\t\t\t<i class=\"fa-solid fa-circle-notch fa-spin\"><\/i>\n\t\t\t\t\t<\/span>\n\t\t\t\t\t<span class=\"monthName\">\n\t\t\t\t\t\tApril 2026\t\t\t\t\t\t\t\t\t\t\t<\/span>\n\t\t\t\t\t<a href=\"#\" data-goto=\"2026-05-01\" class=\"page-right\"><i class=\"fa-solid fa-arrow-right\"><\/i><\/a>\t\t\t\t<\/div>\n\t\t\t<\/div>\n\t\t\t<div class=\"bc-row days\">\n\t\t\t\t\t\t\t\t<div class=\"bc-col\">Mo.<\/div>\n\t\t\t\t<div class=\"bc-col\">Di.<\/div>\n\t\t\t\t<div class=\"bc-col\">Mi.<\/div>\n\t\t\t\t<div class=\"bc-col\">Do.<\/div>\n\t\t\t\t<div class=\"bc-col\">Fr.<\/div>\n\t\t\t\t<div class=\"bc-col\">Sa.<\/div>\t\t\t\t<div class=\"bc-col\">So.<\/div>\t\t\t<\/div>\n\t\t<\/div>\n\t\t<div class=\"bc-body\"><div class=\"bc-row week\"><div data-date=\"2026-03-30\" class=\"bc-col prev-month prev-date\"><span class=\"date\"><span class=\"number\">30<\/span><\/span><\/div><div data-date=\"2026-03-31\" class=\"bc-col prev-month prev-date\"><span class=\"date\"><span class=\"number\">31<\/span><\/span><\/div><div data-date=\"2026-04-1\" class=\"bc-col prev-date\"><span class=\"date\"><span class=\"number\">1<\/span><\/span><\/div><div data-date=\"2026-04-2\" class=\"bc-col prev-date\"><span class=\"date\"><span class=\"number\">2<\/span><\/span><\/div><div data-date=\"2026-04-3\" class=\"bc-col prev-date\"><span class=\"date\"><span class=\"number\">3<\/span><\/span><\/div><div data-date=\"2026-04-4\" class=\"bc-col today\"><span class=\"date\"><span class=\"number\">4<\/span><\/span><\/div><div data-date=\"2026-04-5\" class=\"bc-col \"><span class=\"date\"><span class=\"number\">5<\/span><\/span><\/div><\/div><div class=\"bc-row week\"><div data-date=\"2026-04-6\" class=\"bc-col \"><span class=\"date\"><span class=\"number\">6<\/span><\/span><\/div><div data-date=\"2026-04-7\" class=\"bc-col \"><span class=\"date\"><span class=\"number\">7<\/span><\/span><\/div><div data-date=\"2026-04-8\" class=\"bc-col \"><span class=\"date\"><span class=\"number\">8<\/span><\/span><\/div><div data-date=\"2026-04-9\" class=\"bc-col \"><span class=\"date\"><span class=\"number\">9<\/span><\/span><\/div><div data-date=\"2026-04-10\" class=\"bc-col \"><span class=\"date\"><span class=\"number\">10<\/span><\/span><\/div><div data-date=\"2026-04-11\" class=\"bc-col \"><span class=\"date\"><span class=\"number\">11<\/span><\/span><\/div><div data-date=\"2026-04-12\" class=\"bc-col \"><span class=\"date\"><span class=\"number\">12<\/span><\/span><\/div><\/div><div class=\"bc-row week\"><div data-date=\"2026-04-13\" class=\"bc-col \"><span class=\"date\"><span class=\"number\">13<\/span><\/span><\/div><div data-date=\"2026-04-14\" class=\"bc-col \"><span class=\"date\"><span class=\"number\">14<\/span><\/span><\/div><div data-date=\"2026-04-15\" class=\"bc-col \"><span class=\"date\"><span class=\"number\">15<\/span><\/span><\/div><div data-date=\"2026-04-16\" class=\"bc-col \"><span class=\"date\"><span class=\"number\">16<\/span><\/span><\/div><div data-date=\"2026-04-17\" class=\"bc-col \"><span class=\"date\"><span class=\"number\">17<\/span><\/span><\/div><div data-date=\"2026-04-18\" class=\"bc-col \"><span class=\"date\"><span class=\"number\">18<\/span><\/span><\/div><div data-date=\"2026-04-19\" class=\"bc-col \"><span class=\"date\"><span class=\"number\">19<\/span><\/span><\/div><\/div><div class=\"bc-row week\"><div data-date=\"2026-04-20\" class=\"bc-col \"><span class=\"date\"><span class=\"number\">20<\/span><\/span><\/div><div data-date=\"2026-04-21\" class=\"bc-col \"><span class=\"date\"><span class=\"number\">21<\/span><\/span><\/div><div data-date=\"2026-04-22\" class=\"bc-col \"><span class=\"date\"><span class=\"number\">22<\/span><\/span><\/div><div data-date=\"2026-04-23\" class=\"bc-col \"><span class=\"date\"><span class=\"number\">23<\/span><\/span><\/div><div data-date=\"2026-04-24\" class=\"bc-col \"><span class=\"date\"><span class=\"number\">24<\/span><\/span><\/div><div data-date=\"2026-04-25\" class=\"bc-col \"><span class=\"date\"><span class=\"number\">25<\/span><\/span><\/div><div data-date=\"2026-04-26\" class=\"bc-col \"><span class=\"date\"><span class=\"number\">26<\/span><\/span><\/div><\/div><div class=\"bc-row week\"><div data-date=\"2026-04-27\" class=\"bc-col \"><span class=\"date\"><span class=\"number\">27<\/span><\/span><\/div><div data-date=\"2026-04-28\" class=\"bc-col \"><span class=\"date\"><span class=\"number\">28<\/span><\/span><\/div><div data-date=\"2026-04-29\" class=\"bc-col \"><span class=\"date\"><span class=\"number\">29<\/span><\/span><\/div><div data-date=\"2026-04-30\" class=\"bc-col \"><span class=\"date\"><span class=\"number\">30<\/span><\/span><\/div><div data-date=\"2026-05-1\" class=\"bc-col next-month\"><span class=\"date\"><span class=\"number\">1<\/span><\/span><\/div><div data-date=\"2026-05-2\" class=\"bc-col next-month\"><span class=\"date\"><span class=\"number\">2<\/span><\/span><\/div><div data-date=\"2026-05-3\" class=\"bc-col next-month\"><span class=\"date\"><span class=\"number\">3<\/span><\/span><\/div><\/div>\t\t<\/div>\n\t<\/div><\/div><\/div><\/div><\/div><div class=\"fusion-layout-column fusion_builder_column fusion-builder-column-2 fusion_builder_column_1_4 1_4 fusion-flex-column\" style=\"--awb-bg-size:cover;--awb-width-large:25%;--awb-margin-top-large:0px;--awb-spacing-right-large:7.68%;--awb-margin-bottom-large:8%;--awb-spacing-left-large:7.68%;--awb-width-medium:100%;--awb-order-medium:0;--awb-spacing-right-medium:1.92%;--awb-spacing-left-medium:1.92%;--awb-width-small:100%;--awb-order-small:0;--awb-spacing-right-small:1.92%;--awb-spacing-left-small:1.92%;\"><div class=\"fusion-column-wrapper fusion-column-has-shadow fusion-flex-justify-content-flex-start fusion-content-layout-column\"><\/div><\/div><\/div><\/div><\/p>\n","protected":false},"excerpt":{"rendered":"","protected":false},"author":2,"featured_media":0,"parent":0,"menu_order":0,"comment_status":"closed","ping_status":"closed","template":"100-width.php","meta":{"footnotes":""},"class_list":["post-9184","page","type-page","status-publish","hentry"],"yoast_head":"<!-- This site is optimized with the Yoast SEO plugin v27.1.1 - https:\/\/yoast.com\/product\/yoast-seo-wordpress\/ -->\n<title>Online-Tischreservierung | Thissio View | Athen<\/title>\n<meta name=\"description\" content=\"Reservieren Sie Ihren Tisch online und genie\u00dfen Sie ein Abendessen mit atemberaubendem Blick auf die Akropolis. Sofortige Best\u00e4tigung auf der sch\u00f6nsten Dachterrasse Athens.\" \/>\n<meta name=\"robots\" content=\"index, follow, max-snippet:-1, max-image-preview:large, max-video-preview:-1\" \/>\n<link rel=\"canonical\" href=\"https:\/\/thissioview.gr\/de\/jetzt-online-reservieren\/\" \/>\n<meta property=\"og:locale\" content=\"de_DE\" \/>\n<meta property=\"og:type\" content=\"article\" \/>\n<meta property=\"og:title\" content=\"Online-Tischreservierung | Thissio View | Athen\" \/>\n<meta property=\"og:description\" content=\"Reservieren Sie Ihren Tisch online und genie\u00dfen Sie ein Abendessen mit atemberaubendem Blick auf die Akropolis. Sofortige Best\u00e4tigung auf der sch\u00f6nsten Dachterrasse Athens.\" \/>\n<meta property=\"og:url\" content=\"https:\/\/thissioview.gr\/de\/jetzt-online-reservieren\/\" \/>\n<meta property=\"og:site_name\" content=\"Thissio View\" \/>\n<meta property=\"article:modified_time\" content=\"2025-12-18T03:55:16+00:00\" \/>\n<meta name=\"twitter:card\" content=\"summary_large_image\" \/>\n<meta name=\"twitter:label1\" content=\"Gesch\u00e4tzte Lesezeit\" \/>\n\t<meta name=\"twitter:data1\" content=\"2\u00a0Minuten\" \/>\n<script type=\"application\/ld+json\" class=\"yoast-schema-graph\">{\"@context\":\"https:\/\/schema.org\",\"@graph\":[{\"@type\":\"WebPage\",\"@id\":\"https:\/\/thissioview.gr\/de\/jetzt-online-reservieren\/\",\"url\":\"https:\/\/thissioview.gr\/de\/jetzt-online-reservieren\/\",\"name\":\"Online-Tischreservierung | Thissio View | Athen\",\"isPartOf\":{\"@id\":\"https:\/\/thissioview.gr\/de\/#website\"},\"datePublished\":\"2025-08-10T15:30:34+00:00\",\"dateModified\":\"2025-12-18T03:55:16+00:00\",\"description\":\"Reservieren Sie Ihren Tisch online und genie\u00dfen Sie ein Abendessen mit atemberaubendem Blick auf die Akropolis. Sofortige Best\u00e4tigung auf der sch\u00f6nsten Dachterrasse Athens.\",\"breadcrumb\":{\"@id\":\"https:\/\/thissioview.gr\/de\/jetzt-online-reservieren\/#breadcrumb\"},\"inLanguage\":\"de\",\"potentialAction\":[{\"@type\":\"ReadAction\",\"target\":[\"https:\/\/thissioview.gr\/de\/jetzt-online-reservieren\/\"]}]},{\"@type\":\"BreadcrumbList\",\"@id\":\"https:\/\/thissioview.gr\/de\/jetzt-online-reservieren\/#breadcrumb\",\"itemListElement\":[{\"@type\":\"ListItem\",\"position\":1,\"name\":\"\u0391\u03c1\u03c7\u03b9\u03ba\u03ae\",\"item\":\"https:\/\/thissioview.gr\/de\/\"},{\"@type\":\"ListItem\",\"position\":2,\"name\":\"JETZT RESERVIEREN\"}]},{\"@type\":\"WebSite\",\"@id\":\"https:\/\/thissioview.gr\/de\/#website\",\"url\":\"https:\/\/thissioview.gr\/de\/\",\"name\":\"Thissio View\",\"description\":\"Thissio View \u2014  Rooftop Restaurant &amp; Bar with best Acropolis View\",\"publisher\":{\"@id\":\"https:\/\/thissioview.gr\/de\/#organization\"},\"potentialAction\":[{\"@type\":\"SearchAction\",\"target\":{\"@type\":\"EntryPoint\",\"urlTemplate\":\"https:\/\/thissioview.gr\/de\/?s={search_term_string}\"},\"query-input\":{\"@type\":\"PropertyValueSpecification\",\"valueRequired\":true,\"valueName\":\"search_term_string\"}}],\"inLanguage\":\"de\"},{\"@type\":\"Organization\",\"@id\":\"https:\/\/thissioview.gr\/de\/#organization\",\"name\":\"Thissio View\",\"url\":\"https:\/\/thissioview.gr\/de\/\",\"logo\":{\"@type\":\"ImageObject\",\"inLanguage\":\"de\",\"@id\":\"https:\/\/thissioview.gr\/de\/#\/schema\/logo\/image\/\",\"url\":\"https:\/\/thissioview.gr\/wp-content\/uploads\/2022\/09\/thissioview-logo-400.png\",\"contentUrl\":\"https:\/\/thissioview.gr\/wp-content\/uploads\/2022\/09\/thissioview-logo-400.png\",\"width\":400,\"height\":86,\"caption\":\"Thissio View\"},\"image\":{\"@id\":\"https:\/\/thissioview.gr\/de\/#\/schema\/logo\/image\/\"}}]}<\/script>\n<!-- \/ Yoast SEO plugin. -->","yoast_head_json":{"title":"Online-Tischreservierung | Thissio View | Athen","description":"Reservieren Sie Ihren Tisch online und genie\u00dfen Sie ein Abendessen mit atemberaubendem Blick auf die Akropolis. Sofortige Best\u00e4tigung auf der sch\u00f6nsten Dachterrasse Athens.","robots":{"index":"index","follow":"follow","max-snippet":"max-snippet:-1","max-image-preview":"max-image-preview:large","max-video-preview":"max-video-preview:-1"},"canonical":"https:\/\/thissioview.gr\/de\/jetzt-online-reservieren\/","og_locale":"de_DE","og_type":"article","og_title":"Online-Tischreservierung | Thissio View | Athen","og_description":"Reservieren Sie Ihren Tisch online und genie\u00dfen Sie ein Abendessen mit atemberaubendem Blick auf die Akropolis. Sofortige Best\u00e4tigung auf der sch\u00f6nsten Dachterrasse Athens.","og_url":"https:\/\/thissioview.gr\/de\/jetzt-online-reservieren\/","og_site_name":"Thissio View","article_modified_time":"2025-12-18T03:55:16+00:00","twitter_card":"summary_large_image","twitter_misc":{"Gesch\u00e4tzte Lesezeit":"2\u00a0Minuten"},"schema":{"@context":"https:\/\/schema.org","@graph":[{"@type":"WebPage","@id":"https:\/\/thissioview.gr\/de\/jetzt-online-reservieren\/","url":"https:\/\/thissioview.gr\/de\/jetzt-online-reservieren\/","name":"Online-Tischreservierung | Thissio View | Athen","isPartOf":{"@id":"https:\/\/thissioview.gr\/de\/#website"},"datePublished":"2025-08-10T15:30:34+00:00","dateModified":"2025-12-18T03:55:16+00:00","description":"Reservieren Sie Ihren Tisch online und genie\u00dfen Sie ein Abendessen mit atemberaubendem Blick auf die Akropolis. Sofortige Best\u00e4tigung auf der sch\u00f6nsten Dachterrasse Athens.","breadcrumb":{"@id":"https:\/\/thissioview.gr\/de\/jetzt-online-reservieren\/#breadcrumb"},"inLanguage":"de","potentialAction":[{"@type":"ReadAction","target":["https:\/\/thissioview.gr\/de\/jetzt-online-reservieren\/"]}]},{"@type":"BreadcrumbList","@id":"https:\/\/thissioview.gr\/de\/jetzt-online-reservieren\/#breadcrumb","itemListElement":[{"@type":"ListItem","position":1,"name":"\u0391\u03c1\u03c7\u03b9\u03ba\u03ae","item":"https:\/\/thissioview.gr\/de\/"},{"@type":"ListItem","position":2,"name":"JETZT RESERVIEREN"}]},{"@type":"WebSite","@id":"https:\/\/thissioview.gr\/de\/#website","url":"https:\/\/thissioview.gr\/de\/","name":"Thissio View","description":"Thissio View \u2014  Rooftop Restaurant &amp; Bar with best Acropolis View","publisher":{"@id":"https:\/\/thissioview.gr\/de\/#organization"},"potentialAction":[{"@type":"SearchAction","target":{"@type":"EntryPoint","urlTemplate":"https:\/\/thissioview.gr\/de\/?s={search_term_string}"},"query-input":{"@type":"PropertyValueSpecification","valueRequired":true,"valueName":"search_term_string"}}],"inLanguage":"de"},{"@type":"Organization","@id":"https:\/\/thissioview.gr\/de\/#organization","name":"Thissio View","url":"https:\/\/thissioview.gr\/de\/","logo":{"@type":"ImageObject","inLanguage":"de","@id":"https:\/\/thissioview.gr\/de\/#\/schema\/logo\/image\/","url":"https:\/\/thissioview.gr\/wp-content\/uploads\/2022\/09\/thissioview-logo-400.png","contentUrl":"https:\/\/thissioview.gr\/wp-content\/uploads\/2022\/09\/thissioview-logo-400.png","width":400,"height":86,"caption":"Thissio View"},"image":{"@id":"https:\/\/thissioview.gr\/de\/#\/schema\/logo\/image\/"}}]}},"jetpack_sharing_enabled":true,"_links":{"self":[{"href":"https:\/\/thissioview.gr\/de\/wp-json\/wp\/v2\/pages\/9184","targetHints":{"allow":["GET"]}}],"collection":[{"href":"https:\/\/thissioview.gr\/de\/wp-json\/wp\/v2\/pages"}],"about":[{"href":"https:\/\/thissioview.gr\/de\/wp-json\/wp\/v2\/types\/page"}],"author":[{"embeddable":true,"href":"https:\/\/thissioview.gr\/de\/wp-json\/wp\/v2\/users\/2"}],"replies":[{"embeddable":true,"href":"https:\/\/thissioview.gr\/de\/wp-json\/wp\/v2\/comments?post=9184"}],"version-history":[{"count":9,"href":"https:\/\/thissioview.gr\/de\/wp-json\/wp\/v2\/pages\/9184\/revisions"}],"predecessor-version":[{"id":9237,"href":"https:\/\/thissioview.gr\/de\/wp-json\/wp\/v2\/pages\/9184\/revisions\/9237"}],"wp:attachment":[{"href":"https:\/\/thissioview.gr\/de\/wp-json\/wp\/v2\/media?parent=9184"}],"curies":[{"name":"wp","href":"https:\/\/api.w.org\/{rel}","templated":true}]}}