{"id":9008,"date":"2019-12-16T18:50:26","date_gmt":"2019-12-16T16:50:26","guid":{"rendered":"https:\/\/thissioview.gr\/restaurant-2\/"},"modified":"2025-08-05T11:04:54","modified_gmt":"2025-08-05T08:04:54","slug":"restaurant-2","status":"publish","type":"page","link":"https:\/\/thissioview.gr\/de\/restaurant-2\/","title":{"rendered":"RESTAURANT"},"content":{"rendered":"<p><div class=\"fusion-fullwidth fullwidth-box fusion-builder-row-1 fusion-flex-container has-pattern-background has-mask-background nonhundred-percent-fullwidth non-hundred-percent-height-scrolling\" style=\"--awb-border-sizes-bottom:0;--awb-border-radius-top-left:0px;--awb-border-radius-top-right:0px;--awb-border-radius-bottom-right:0px;--awb-border-radius-bottom-left:0px;--awb-padding-bottom:0px;--awb-margin-bottom:0px;--awb-background-color:#000000;--awb-flex-wrap:wrap;\" ><div class=\"fusion-builder-row fusion-row fusion-flex-align-items-flex-start fusion-flex-content-wrap\" style=\"max-width:1430px;margin-left: calc(-4% \/ 2 );margin-right: calc(-4% \/ 2 );\"><div class=\"fusion-layout-column fusion_builder_column fusion-builder-column-0 fusion_builder_column_1_1 1_1 fusion-flex-column fusion-no-large-visibility\" style=\"--awb-bg-size:cover;--awb-width-large:100%;--awb-margin-top-large:0px;--awb-spacing-right-large:1.92%;--awb-margin-bottom-large:0px;--awb-spacing-left-large:1.92%;--awb-width-medium:100%;--awb-spacing-right-medium:1.92%;--awb-spacing-left-medium:1.92%;--awb-width-small:100%;--awb-spacing-right-small:1.92%;--awb-spacing-left-small:1.92%;\"><div class=\"fusion-column-wrapper fusion-column-has-shadow fusion-flex-justify-content-flex-start fusion-content-layout-column\"><div class=\"fusion-separator fusion-full-width-sep\" style=\"align-self: center;margin-left: auto;margin-right: auto;margin-bottom:3%;width:100%;\"><\/div><\/div><\/div><div class=\"fusion-layout-column fusion_builder_column fusion-builder-column-1 fusion_builder_column_1_1 1_1 fusion-flex-column\" style=\"--awb-bg-size:cover;--awb-width-large:100%;--awb-margin-top-large:0px;--awb-spacing-right-large:1.92%;--awb-margin-bottom-large:8%;--awb-spacing-left-large:1.92%;--awb-width-medium:100%;--awb-order-medium:0;--awb-spacing-right-medium:1.92%;--awb-spacing-left-medium:1.92%;--awb-width-small:100%;--awb-order-small:0;--awb-spacing-right-small:1.92%;--awb-spacing-left-small:1.92%;\"><div class=\"fusion-column-wrapper fusion-column-has-shadow fusion-flex-justify-content-flex-start fusion-content-layout-column\"><div class=\"fusion-image-element \" style=\"text-align:center;--awb-aspect-ratio: 100 \/ 57;--awb-caption-title-font-family:var(--h2_typography-font-family);--awb-caption-title-font-weight:var(--h2_typography-font-weight);--awb-caption-title-font-style:var(--h2_typography-font-style);--awb-caption-title-size:var(--h2_typography-font-size);--awb-caption-title-transform:var(--h2_typography-text-transform);--awb-caption-title-line-height:var(--h2_typography-line-height);--awb-caption-title-letter-spacing:var(--h2_typography-letter-spacing);\"><span class=\" fusion-imageframe imageframe-none imageframe-1 hover-type-none has-aspect-ratio\"><img decoding=\"async\" width=\"1200\" height=\"675\" title=\"79188614-2\" src=\"https:\/\/thissioview.gr\/wp-content\/uploads\/2025\/07\/79188614-2.webp\" data-orig-src=\"https:\/\/thissioview.gr\/wp-content\/uploads\/2025\/07\/79188614-2-1200x675.webp\" class=\"lazyload img-responsive wp-image-8524 img-with-aspect-ratio\" data-parent-fit=\"cover\" data-parent-container=\".fusion-image-element\" alt srcset=\"data:image\/svg+xml,%3Csvg%20xmlns%3D%27http%3A%2F%2Fwww.w3.org%2F2000%2Fsvg%27%20width%3D%271280%27%20height%3D%27720%27%20viewBox%3D%270%200%201280%20720%27%3E%3Crect%20width%3D%271280%27%20height%3D%27720%27%20fill-opacity%3D%220%22%2F%3E%3C%2Fsvg%3E\" data-srcset=\"https:\/\/thissioview.gr\/wp-content\/uploads\/2025\/07\/79188614-2-200x113.webp 200w, https:\/\/thissioview.gr\/wp-content\/uploads\/2025\/07\/79188614-2-400x225.webp 400w, https:\/\/thissioview.gr\/wp-content\/uploads\/2025\/07\/79188614-2-600x338.webp 600w, https:\/\/thissioview.gr\/wp-content\/uploads\/2025\/07\/79188614-2-800x450.webp 800w, https:\/\/thissioview.gr\/wp-content\/uploads\/2025\/07\/79188614-2-1200x675.webp 1200w, https:\/\/thissioview.gr\/wp-content\/uploads\/2025\/07\/79188614-2.webp 1280w\" data-sizes=\"auto\" data-orig-sizes=\"(max-width: 1024px) 100vw, (max-width: 640px) 100vw, 1200px\" \/><\/span><\/div><div class=\"fusion-text fusion-text-1\"><p><b style=\"color: rgb(255, 255, 255); font-size: 16px;\" data-fusion-font=\"true\">Ins THISSIO VIEW kommen Sie nicht nur zum Essen \u2013 Sie kommen f\u00fcr ein Erlebnis, <\/b><span style=\"color: rgb(255, 255, 255); font-size: 16px;\" data-fusion-font=\"true\">das Geschmack, Atmosph\u00e4re und einen atemberaubenden Ausblick vereint.<\/span> <span style=\"background-color: rgba(0, 0, 0, 0); color: rgb(255, 255, 255); font-size: 16px;\" data-fusion-font=\"true\">Starten Sie Ihren Tag mit einem reichhaltigen Fr\u00fchst\u00fcck oder Brunch, machen Sie eine Kaffeepause mit Snacks w\u00e4hrend Ihres Spaziergangs, oder genie\u00dfen Sie ein Mittag- oder Abendessen, inspiriert von der modernen mediterranen K\u00fcche \u2013 stets mit frischen, ausgew\u00e4hlten Zutaten. Und all das mit Blick auf die Akropolis, den Lykabettus und die historischen Sch\u00e4tze Athens, die sich vor Ihnen entfalten \u2013 vom sch\u00f6nsten Punkt der Fu\u00dfg\u00e4ngerzone aus. <\/span><\/p>\n<p style=\"color: rgb(255, 255, 255); font-size: 16px;\" data-fusion-font=\"true\">Hier geh\u00f6rt die Aussicht Ihnen \u2013 und jeder Moment verdient es, mit einem Glas Wein oder einem unvergesslichen Gericht genossen zu werden.<\/p>\n<\/div><\/div><\/div><\/div><\/div><div class=\"fusion-fullwidth fullwidth-box fusion-builder-row-2 fusion-flex-container nonhundred-percent-fullwidth non-hundred-percent-height-scrolling\" style=\"--awb-border-radius-top-left:0px;--awb-border-radius-top-right:0px;--awb-border-radius-bottom-right:0px;--awb-border-radius-bottom-left:0px;--awb-padding-top:0%;--awb-background-color:#000000;--awb-flex-wrap:wrap;\" ><div class=\"fusion-builder-row fusion-row fusion-flex-align-items-stretch fusion-flex-content-wrap\" style=\"max-width:calc( 1375px + 0px );margin-left: calc(-0px \/ 2 );margin-right: calc(-0px \/ 2 );\"><div class=\"fusion-layout-column fusion_builder_column fusion-builder-column-2 fusion_builder_column_1_2 1_2 fusion-flex-column fusion-column-inner-bg-wrapper fusion-animated\" style=\"--awb-padding-top-medium:20vh;--awb-padding-bottom-medium:20vh;--awb-inner-bg-color:#000000;--awb-inner-bg-color-hover:#000000;--awb-inner-bg-position:center center;--awb-inner-bg-size:cover;--awb-width-large:50%;--awb-margin-top-large:0px;--awb-spacing-right-large:0px;--awb-margin-bottom-large:0px;--awb-spacing-left-large:0px;--awb-width-medium:100%;--awb-order-medium:0;--awb-spacing-right-medium:0px;--awb-spacing-left-medium:0px;--awb-width-small:100%;--awb-order-small:0;--awb-spacing-right-small:0px;--awb-spacing-left-small:0px;\" data-animationType=\"fadeIn\" data-animationDuration=\"1.0\" data-animationOffset=\"top-into-view\"><span class=\"fusion-column-inner-bg hover-type-none\"><a class=\"fusion-column-anchor\" href=\"https:\/\/thissioview.gr\/kante-kratisi\/\"><span class=\"fusion-column-inner-bg-image lazyload\" data-bg=\"https:\/\/thissioview.gr\/wp-content\/uploads\/2022\/09\/thi_v_858.jpg\"><\/span><\/a><\/span><div class=\"fusion-column-wrapper fusion-column-has-shadow fusion-flex-justify-content-flex-start fusion-content-layout-column fusion-empty-column-bg-image fusion-column-has-bg-image\" data-bg-url=\"https:\/\/thissioview.gr\/wp-content\/uploads\/2022\/09\/thi_v_858.jpg\"><img decoding=\"async\" class=\"fusion-empty-dims-img-placeholder fusion-no-large-visibility\" alt=\"Thissio View\" aria-label=\"Thissio View\" src=\"data:image\/svg+xml,%3Csvg%20xmlns%3D%27http%3A%2F%2Fwww.w3.org%2F2000%2Fsvg%27%20width%3D%27850%27%20height%3D%27550%27%20viewBox%3D%270%200%20850%20550%27%3E%3Crect%20width%3D%27850%27%20height%3D%27550%27%20fill-opacity%3D%220%22%2F%3E%3C%2Fsvg%3E\"><\/div><\/div><div class=\"fusion-layout-column fusion_builder_column fusion-builder-column-3 fusion_builder_column_1_2 1_2 fusion-flex-column fusion-column-inner-bg-wrapper fusion-column-hover-type-liftup fusion-column-liftup-border fusion-animated\" style=\"--awb-padding-top:15%;--awb-padding-right:15%;--awb-padding-bottom:14%;--awb-padding-left:15%;--awb-inner-bg-color:var(--awb-color8);--awb-inner-bg-color-hover:var(--awb-color8);--awb-inner-bg-position:center top;--awb-inner-bg-size:cover;--awb-width-large:50%;--awb-margin-top-large:0px;--awb-spacing-right-large:0px;--awb-margin-bottom-large:0px;--awb-spacing-left-large:0px;--awb-width-medium:100%;--awb-order-medium:0;--awb-spacing-right-medium:0px;--awb-spacing-left-medium:0px;--awb-width-small:100%;--awb-order-small:0;--awb-spacing-right-small:0px;--awb-spacing-left-small:0px;\" data-animationType=\"fadeIn\" data-animationDuration=\"0.6\" data-animationOffset=\"top-into-view\"><span class=\"fusion-column-inner-bg hover-type-liftup\"><a class=\"fusion-column-anchor\" href=\"https:\/\/thissioview.gr\/kante-kratisi\/\"><span class=\"fusion-column-inner-bg-image\"><\/span><\/a><\/span><div class=\"fusion-column-wrapper fusion-flex-justify-content-flex-start fusion-content-layout-column\"><div class=\"fusion-title title fusion-title-1 fusion-sep-none fusion-title-text fusion-title-size-six\" style=\"--awb-text-color:var(--awb-color2);--awb-margin-bottom:4%;--awb-margin-top-small:0px;--awb-margin-right-small:0px;--awb-margin-bottom-small:20px;--awb-margin-left-small:0px;\"><h6 class=\"fusion-title-heading title-heading-left fusion-responsive-typography-calculated\" style=\"margin:0;--fontSize:15;--minFontSize:15;line-height:var(--awb-typography2-line-height);\">Restaurant<\/h6><\/div><div class=\"fusion-title title fusion-title-2 fusion-sep-none fusion-title-text fusion-title-size-three\" style=\"--awb-text-color:var(--awb-color1);--awb-margin-bottom:1%;--awb-margin-top-small:0px;--awb-margin-right-small:0px;--awb-margin-bottom-small:20px;--awb-margin-left-small:0px;--awb-font-size:50px;\"><h3 class=\"fusion-title-heading title-heading-left fusion-responsive-typography-calculated\" style=\"margin:0;font-size:1em;--fontSize:50;line-height:var(--awb-typography1-line-height);\">JETZT RESERVIEREN<\/h3><\/div><div class=\"fusion-text fusion-text-2\"><p style=\"color: var(--awb-color1); text-align: left;\">Reservieren Sie jetzt Ihren Tisch und genie\u00dfen Sie ein einzigartiges Dinner-Erlebnis mit Blick auf die Akropolis. Magische Abende erwarten Sie auf der eindrucksvollsten Dachterrasse Athens \u2013 mit einer Aussicht, die unvergesslich bleibt. <\/p>\n<\/div><div class=\"fusion-separator\" style=\"align-self: center;margin-left: auto;margin-right: auto;margin-bottom:6%;width:100%;max-width:70px;\"><\/div><div style=\"text-align:left;\"><a class=\"fusion-button button-flat fusion-button-default-size button-custom fusion-button-default button-1 fusion-button-default-span fusion-button-default-type\" style=\"--button_accent_color:var(--awb-color1);--button_border_color:var(--awb-color1);--button_accent_hover_color:var(--awb-color8);--button_border_hover_color:var(--awb-color8);--button_gradient_top_color:hsla(var(--awb-color1-h),var(--awb-color1-s),var(--awb-color1-l),calc(var(--awb-color1-a) - 100%));--button_gradient_bottom_color:hsla(var(--awb-color1-h),var(--awb-color1-s),var(--awb-color1-l),calc(var(--awb-color1-a) - 100%));--button_gradient_top_color_hover:var(--awb-color1);--button_gradient_bottom_color_hover:var(--awb-color1);\" target=\"_self\" href=\"https:\/\/thissioview.gr\/kante-kratisi\/\"><span class=\"fusion-button-text awb-button__text awb-button__text--default\">JETZT RESERVIEREN<\/span><\/a><\/div><\/div><\/div><\/div><\/div><\/p>\n","protected":false},"excerpt":{"rendered":"","protected":false},"author":1,"featured_media":8955,"parent":0,"menu_order":0,"comment_status":"closed","ping_status":"closed","template":"100-width.php","meta":{"footnotes":""},"class_list":["post-9008","page","type-page","status-publish","has-post-thumbnail","hentry"],"yoast_head":"<!-- This site is optimized with the Yoast SEO plugin v27.1.1 - https:\/\/yoast.com\/product\/yoast-seo-wordpress\/ -->\n<title>Thissio View | Restaurant | Rooftop-Dining in Athen<\/title>\n<meta name=\"description\" content=\"Genie\u00dfen Sie k\u00f6stliche Gerichte im Thissio View \u2013 einem Rooftop-Restaurant in Athen mit bezauberndem Blick auf die Akropolis und einladender Atmosph\u00e4re.\" \/>\n<meta name=\"robots\" content=\"index, follow, max-snippet:-1, max-image-preview:large, max-video-preview:-1\" \/>\n<link rel=\"canonical\" href=\"https:\/\/thissioview.gr\/de\/restaurant-2\/\" \/>\n<meta property=\"og:locale\" content=\"de_DE\" \/>\n<meta property=\"og:type\" content=\"article\" \/>\n<meta property=\"og:title\" content=\"Thissio View | Restaurant | Rooftop-Dining in Athen\" \/>\n<meta property=\"og:description\" content=\"Genie\u00dfen Sie k\u00f6stliche Gerichte im Thissio View \u2013 einem Rooftop-Restaurant in Athen mit bezauberndem Blick auf die Akropolis und einladender Atmosph\u00e4re.\" \/>\n<meta property=\"og:url\" content=\"https:\/\/thissioview.gr\/de\/restaurant-2\/\" \/>\n<meta property=\"og:site_name\" content=\"Thissio View\" \/>\n<meta property=\"article:modified_time\" content=\"2025-08-05T08:04:54+00:00\" \/>\n<meta property=\"og:image\" content=\"https:\/\/thissioview.gr\/wp-content\/uploads\/2022\/09\/0261.jpg\" \/>\n\t<meta property=\"og:image:width\" content=\"2561\" \/>\n\t<meta property=\"og:image:height\" content=\"2362\" \/>\n\t<meta property=\"og:image:type\" content=\"image\/jpeg\" \/>\n<meta name=\"twitter:card\" content=\"summary_large_image\" \/>\n<meta name=\"twitter:label1\" content=\"Gesch\u00e4tzte Lesezeit\" \/>\n\t<meta name=\"twitter:data1\" content=\"9\u00a0Minuten\" \/>\n<script type=\"application\/ld+json\" class=\"yoast-schema-graph\">{\"@context\":\"https:\/\/schema.org\",\"@graph\":[{\"@type\":\"WebPage\",\"@id\":\"https:\/\/thissioview.gr\/de\/restaurant-2\/\",\"url\":\"https:\/\/thissioview.gr\/de\/restaurant-2\/\",\"name\":\"Thissio View | Restaurant | Rooftop-Dining in Athen\",\"isPartOf\":{\"@id\":\"https:\/\/thissioview.gr\/de\/#website\"},\"primaryImageOfPage\":{\"@id\":\"https:\/\/thissioview.gr\/de\/restaurant-2\/#primaryimage\"},\"image\":{\"@id\":\"https:\/\/thissioview.gr\/de\/restaurant-2\/#primaryimage\"},\"thumbnailUrl\":\"https:\/\/thissioview.gr\/wp-content\/uploads\/2022\/09\/0261.jpg\",\"datePublished\":\"2019-12-16T16:50:26+00:00\",\"dateModified\":\"2025-08-05T08:04:54+00:00\",\"description\":\"Genie\u00dfen Sie k\u00f6stliche Gerichte im Thissio View \u2013 einem Rooftop-Restaurant in Athen mit bezauberndem Blick auf die Akropolis und einladender Atmosph\u00e4re.\",\"breadcrumb\":{\"@id\":\"https:\/\/thissioview.gr\/de\/restaurant-2\/#breadcrumb\"},\"inLanguage\":\"de\",\"potentialAction\":[{\"@type\":\"ReadAction\",\"target\":[\"https:\/\/thissioview.gr\/de\/restaurant-2\/\"]}]},{\"@type\":\"ImageObject\",\"inLanguage\":\"de\",\"@id\":\"https:\/\/thissioview.gr\/de\/restaurant-2\/#primaryimage\",\"url\":\"https:\/\/thissioview.gr\/wp-content\/uploads\/2022\/09\/0261.jpg\",\"contentUrl\":\"https:\/\/thissioview.gr\/wp-content\/uploads\/2022\/09\/0261.jpg\",\"width\":2561,\"height\":2362,\"caption\":\"Thissio View\"},{\"@type\":\"BreadcrumbList\",\"@id\":\"https:\/\/thissioview.gr\/de\/restaurant-2\/#breadcrumb\",\"itemListElement\":[{\"@type\":\"ListItem\",\"position\":1,\"name\":\"\u0391\u03c1\u03c7\u03b9\u03ba\u03ae\",\"item\":\"https:\/\/thissioview.gr\/de\/\"},{\"@type\":\"ListItem\",\"position\":2,\"name\":\"RESTAURANT\"}]},{\"@type\":\"WebSite\",\"@id\":\"https:\/\/thissioview.gr\/de\/#website\",\"url\":\"https:\/\/thissioview.gr\/de\/\",\"name\":\"Thissio View\",\"description\":\"Thissio View \u2014  Rooftop Restaurant &amp; Bar with best Acropolis View\",\"publisher\":{\"@id\":\"https:\/\/thissioview.gr\/de\/#organization\"},\"potentialAction\":[{\"@type\":\"SearchAction\",\"target\":{\"@type\":\"EntryPoint\",\"urlTemplate\":\"https:\/\/thissioview.gr\/de\/?s={search_term_string}\"},\"query-input\":{\"@type\":\"PropertyValueSpecification\",\"valueRequired\":true,\"valueName\":\"search_term_string\"}}],\"inLanguage\":\"de\"},{\"@type\":\"Organization\",\"@id\":\"https:\/\/thissioview.gr\/de\/#organization\",\"name\":\"Thissio View\",\"url\":\"https:\/\/thissioview.gr\/de\/\",\"logo\":{\"@type\":\"ImageObject\",\"inLanguage\":\"de\",\"@id\":\"https:\/\/thissioview.gr\/de\/#\/schema\/logo\/image\/\",\"url\":\"https:\/\/thissioview.gr\/wp-content\/uploads\/2022\/09\/thissioview-logo-400.png\",\"contentUrl\":\"https:\/\/thissioview.gr\/wp-content\/uploads\/2022\/09\/thissioview-logo-400.png\",\"width\":400,\"height\":86,\"caption\":\"Thissio View\"},\"image\":{\"@id\":\"https:\/\/thissioview.gr\/de\/#\/schema\/logo\/image\/\"}}]}<\/script>\n<!-- \/ Yoast SEO plugin. -->","yoast_head_json":{"title":"Thissio View | Restaurant | Rooftop-Dining in Athen","description":"Genie\u00dfen Sie k\u00f6stliche Gerichte im Thissio View \u2013 einem Rooftop-Restaurant in Athen mit bezauberndem Blick auf die Akropolis und einladender Atmosph\u00e4re.","robots":{"index":"index","follow":"follow","max-snippet":"max-snippet:-1","max-image-preview":"max-image-preview:large","max-video-preview":"max-video-preview:-1"},"canonical":"https:\/\/thissioview.gr\/de\/restaurant-2\/","og_locale":"de_DE","og_type":"article","og_title":"Thissio View | Restaurant | Rooftop-Dining in Athen","og_description":"Genie\u00dfen Sie k\u00f6stliche Gerichte im Thissio View \u2013 einem Rooftop-Restaurant in Athen mit bezauberndem Blick auf die Akropolis und einladender Atmosph\u00e4re.","og_url":"https:\/\/thissioview.gr\/de\/restaurant-2\/","og_site_name":"Thissio View","article_modified_time":"2025-08-05T08:04:54+00:00","og_image":[{"width":2561,"height":2362,"url":"https:\/\/thissioview.gr\/wp-content\/uploads\/2022\/09\/0261.jpg","type":"image\/jpeg"}],"twitter_card":"summary_large_image","twitter_misc":{"Gesch\u00e4tzte Lesezeit":"9\u00a0Minuten"},"schema":{"@context":"https:\/\/schema.org","@graph":[{"@type":"WebPage","@id":"https:\/\/thissioview.gr\/de\/restaurant-2\/","url":"https:\/\/thissioview.gr\/de\/restaurant-2\/","name":"Thissio View | Restaurant | Rooftop-Dining in Athen","isPartOf":{"@id":"https:\/\/thissioview.gr\/de\/#website"},"primaryImageOfPage":{"@id":"https:\/\/thissioview.gr\/de\/restaurant-2\/#primaryimage"},"image":{"@id":"https:\/\/thissioview.gr\/de\/restaurant-2\/#primaryimage"},"thumbnailUrl":"https:\/\/thissioview.gr\/wp-content\/uploads\/2022\/09\/0261.jpg","datePublished":"2019-12-16T16:50:26+00:00","dateModified":"2025-08-05T08:04:54+00:00","description":"Genie\u00dfen Sie k\u00f6stliche Gerichte im Thissio View \u2013 einem Rooftop-Restaurant in Athen mit bezauberndem Blick auf die Akropolis und einladender Atmosph\u00e4re.","breadcrumb":{"@id":"https:\/\/thissioview.gr\/de\/restaurant-2\/#breadcrumb"},"inLanguage":"de","potentialAction":[{"@type":"ReadAction","target":["https:\/\/thissioview.gr\/de\/restaurant-2\/"]}]},{"@type":"ImageObject","inLanguage":"de","@id":"https:\/\/thissioview.gr\/de\/restaurant-2\/#primaryimage","url":"https:\/\/thissioview.gr\/wp-content\/uploads\/2022\/09\/0261.jpg","contentUrl":"https:\/\/thissioview.gr\/wp-content\/uploads\/2022\/09\/0261.jpg","width":2561,"height":2362,"caption":"Thissio View"},{"@type":"BreadcrumbList","@id":"https:\/\/thissioview.gr\/de\/restaurant-2\/#breadcrumb","itemListElement":[{"@type":"ListItem","position":1,"name":"\u0391\u03c1\u03c7\u03b9\u03ba\u03ae","item":"https:\/\/thissioview.gr\/de\/"},{"@type":"ListItem","position":2,"name":"RESTAURANT"}]},{"@type":"WebSite","@id":"https:\/\/thissioview.gr\/de\/#website","url":"https:\/\/thissioview.gr\/de\/","name":"Thissio View","description":"Thissio View \u2014  Rooftop Restaurant &amp; Bar with best Acropolis View","publisher":{"@id":"https:\/\/thissioview.gr\/de\/#organization"},"potentialAction":[{"@type":"SearchAction","target":{"@type":"EntryPoint","urlTemplate":"https:\/\/thissioview.gr\/de\/?s={search_term_string}"},"query-input":{"@type":"PropertyValueSpecification","valueRequired":true,"valueName":"search_term_string"}}],"inLanguage":"de"},{"@type":"Organization","@id":"https:\/\/thissioview.gr\/de\/#organization","name":"Thissio View","url":"https:\/\/thissioview.gr\/de\/","logo":{"@type":"ImageObject","inLanguage":"de","@id":"https:\/\/thissioview.gr\/de\/#\/schema\/logo\/image\/","url":"https:\/\/thissioview.gr\/wp-content\/uploads\/2022\/09\/thissioview-logo-400.png","contentUrl":"https:\/\/thissioview.gr\/wp-content\/uploads\/2022\/09\/thissioview-logo-400.png","width":400,"height":86,"caption":"Thissio View"},"image":{"@id":"https:\/\/thissioview.gr\/de\/#\/schema\/logo\/image\/"}}]}},"jetpack_sharing_enabled":true,"_links":{"self":[{"href":"https:\/\/thissioview.gr\/de\/wp-json\/wp\/v2\/pages\/9008","targetHints":{"allow":["GET"]}}],"collection":[{"href":"https:\/\/thissioview.gr\/de\/wp-json\/wp\/v2\/pages"}],"about":[{"href":"https:\/\/thissioview.gr\/de\/wp-json\/wp\/v2\/types\/page"}],"author":[{"embeddable":true,"href":"https:\/\/thissioview.gr\/de\/wp-json\/wp\/v2\/users\/1"}],"replies":[{"embeddable":true,"href":"https:\/\/thissioview.gr\/de\/wp-json\/wp\/v2\/comments?post=9008"}],"version-history":[{"count":3,"href":"https:\/\/thissioview.gr\/de\/wp-json\/wp\/v2\/pages\/9008\/revisions"}],"predecessor-version":[{"id":9011,"href":"https:\/\/thissioview.gr\/de\/wp-json\/wp\/v2\/pages\/9008\/revisions\/9011"}],"wp:featuredmedia":[{"embeddable":true,"href":"https:\/\/thissioview.gr\/de\/wp-json\/wp\/v2\/media\/8955"}],"wp:attachment":[{"href":"https:\/\/thissioview.gr\/de\/wp-json\/wp\/v2\/media?parent=9008"}],"curies":[{"name":"wp","href":"https:\/\/api.w.org\/{rel}","templated":true}]}}